{"id":17,"date":"2018-09-30T15:34:29","date_gmt":"2018-09-30T13:34:29","guid":{"rendered":"http:\/\/association-orchis-reconstitution.fr\/?page_id=17"},"modified":"2021-04-13T14:51:02","modified_gmt":"2021-04-13T12:51:02","slug":"accueil","status":"publish","type":"page","link":"https:\/\/association-orchis-reconstitution.fr\/","title":{"rendered":"Bienvenue sur notre blog !"},"content":{"rendered":"\n<div class=\"wp-block-image\"><figure class=\"aligncenter\"><img loading=\"lazy\" decoding=\"async\" width=\"1024\" height=\"313\" src=\"http:\/\/association-orchis-reconstitution.fr\/wp-content\/uploads\/2020\/05\/forge-sol-orchis-banniere-1024x313.png\" alt=\"\" class=\"wp-image-470\" srcset=\"https:\/\/association-orchis-reconstitution.fr\/wp-content\/uploads\/2020\/05\/forge-sol-orchis-banniere-1024x313.png 1024w, https:\/\/association-orchis-reconstitution.fr\/wp-content\/uploads\/2020\/05\/forge-sol-orchis-banniere-300x92.png 300w, https:\/\/association-orchis-reconstitution.fr\/wp-content\/uploads\/2020\/05\/forge-sol-orchis-banniere-768x235.png 768w, https:\/\/association-orchis-reconstitution.fr\/wp-content\/uploads\/2020\/05\/forge-sol-orchis-banniere-1200x367.png 1200w\" sizes=\"(max-width: 709px) 85vw, (max-width: 909px) 67vw, (max-width: 1362px) 62vw, 840px\" \/><\/figure><\/div>\n\n\n\n<div class=\"wp-block-columns is-layout-flex wp-container-core-columns-is-layout-1 wp-block-columns-is-layout-flex\">\n<div class=\"wp-block-column is-layout-flow wp-block-column-is-layout-flow\" style=\"flex-basis:100%\">\n<p>Techniques et pratiques anciennes, reconstitutions historique et arch\u00e9ologie exp\u00e9rimentale, voil\u00e0 les principaux centres d\u2019int\u00e9r\u00eats de l\u2019association. <\/p>\n\n\n\n<p>Pour les amateurs et passionn\u00e9s, cette page propose de compiler et diffuser des donn\u00e9es susceptibles d\u2019int\u00e9resser ces derniers. Vous pouvez vous envoyer des documents qui vous semblent pertinents, et aussi, si le c\u0153ur vous en dit, participer financi\u00e8rement \u00e0 nos travaux b\u00e9n\u00e9voles via <a rel=\"noreferrer noopener\" href=\"https:\/\/fr.tipeee.com\/association-orchis\/\" target=\"_blank\">Tipee<\/a> ou Paypal <img loading=\"lazy\" decoding=\"async\" scale=\"0\" width=\"18\" height=\"18\" src=\"https:\/\/static.xx.fbcdn.net\/images\/emoji.php\/v9\/tce\/1\/18\/1f642.png\" alt=\"\"> <\/p>\n\n\n\n<p> Toute l\u2019\u00e9quipe d\u2019Orchis vous salue cordialement ! &nbsp;<\/p>\n\n\n\n<p>Une page <a href=\"https:\/\/www.facebook.com\/association.orchis\/\" target=\"_blank\" rel=\"noreferrer noopener\">FB<\/a> est li\u00e9e \u00e0 ce site, vous pourrez y trouver d\u2019autres informations ou \u00e9changer des informations: <\/p>\n\n\n\n<p>Le courriel de l&rsquo;association : association.orchis(at)gmail.com<\/p>\n<\/div>\n<\/div>\n\n\n\n<h5 class=\"wp-block-heading\">Nos diff\u00e9rents articles de la cat\u00e9gorie<strong><em> cuir<\/em><\/strong>:<\/h5>\n\n\n\n<ul><li> <strong><a href=\"http:\/\/association-orchis-reconstitution.fr\/?p=93\" target=\"_blank\" rel=\"noreferrer noopener\">Notre essai de re-fabrication d\u2019un \u00e9tui en cuir \u00ab&nbsp;bouilli&nbsp;\u00bb<\/a><\/strong> <\/li><li> <a href=\"http:\/\/association-orchis-reconstitution.fr\/?p=194\" target=\"_blank\" rel=\"noreferrer noopener\">Br\u00e8ve analyse de l&rsquo;utilisation du \u00ab\u00a0cuir bouilli\u00a0\u00bb au Moyen Age<\/a> <\/li><li> <strong><a href=\"http:\/\/association-orchis-reconstitution.fr\/?p=121\" target=\"_blank\" rel=\"noreferrer noopener\">Article sur le \u00ab&nbsp;cuir bouilli&nbsp;\u00bb publi\u00e9 dans le n\u00b019 de Histoire &amp; Images M\u00e9di\u00e9vales<\/a><\/strong> <\/li><li> <strong><a href=\"http:\/\/association-orchis-reconstitution.fr\/?p=197\" target=\"_blank\" rel=\"noreferrer noopener\">Structure et composition d\u2019une peau<\/a><\/strong> <\/li><li> <strong><a href=\"http:\/\/association-orchis-reconstitution.fr\/?p=256\" target=\"_blank\" rel=\"noreferrer noopener\">Petits couteaux brut de forge gain\u00e9s de cuir \u00ab&nbsp;bouilli&nbsp;\u00bb<\/a><\/strong> <\/li><li> <strong><a href=\"http:\/\/association-orchis-reconstitution.fr\/?p=225\" target=\"_blank\" rel=\"noreferrer noopener\">Du parchemin au manuscrit enlumin\u00e9<\/a><\/strong> <\/li><li> <strong><a href=\"http:\/\/association-orchis-reconstitution.fr\/?p=207\" target=\"_blank\" rel=\"noreferrer noopener\">Petite histoire des tannages<\/a><\/strong> <\/li><li> <strong><a href=\"http:\/\/association-orchis-reconstitution.fr\/?p=166\" target=\"_blank\" rel=\"noreferrer noopener\">Quelques bourses \u00e0 monnaie de la fin du Moyen Age en Hollande<\/a><\/strong> <\/li><li> <strong><a href=\"http:\/\/association-orchis-reconstitution.fr\/?p=145\" target=\"_blank\" rel=\"noreferrer noopener\">Bourses \u00e0 monnaie d\u2019inspiration m\u00e9di\u00e9vale<\/a><\/strong> <\/li><li> <strong><a href=\"http:\/\/association-orchis-reconstitution.fr\/wp-admin\/post.php?post=77&amp;action=edit\" target=\"_blank\" rel=\"noreferrer noopener\">\u00c9tui \u00e0 plume portatif en \u00ab&nbsp;cuir bouilli&nbsp;\u00bb et son encrier<\/a><\/strong> <\/li><li> <a href=\"http:\/\/association-orchis-reconstitution.fr\/?p=348\"><strong>Essai de reconstitution d&rsquo;un seau en \u00ab\u00a0cuir bouilli\u00a0\u00bb de la fin du 16\u00e8me ou du 17\u00e8me si\u00e8cle<\/strong><\/a> <\/li><\/ul>\n\n\n\n<h5 class=\"wp-block-heading\">Nos diff\u00e9rents articles de la cat\u00e9gorie<strong><em> tannage<\/em><\/strong>:<\/h5>\n\n\n\n<ul><li> <a href=\"http:\/\/association-orchis-reconstitution.fr\/?p=375\" target=\"_blank\" rel=\"noreferrer noopener\">Rapport sur nos exp\u00e9riences de traitement des peaux par m\u00e9gie en 2007<\/a> <\/li><li> <a href=\"http:\/\/association-orchis-reconstitution.fr\/?p=385\" target=\"_blank\" rel=\"noreferrer noopener\">Recette de m\u00e9gis \u00e0 \u00ab\u00a0la p\u00e2te \u00e0 cr\u00eape\u00a0\u00bb<\/a> <\/li><\/ul>\n\n\n\n<h5 class=\"wp-block-heading\">Nos diff\u00e9rents articles de la cat\u00e9gorie<strong><em> feu<\/em><\/strong>:<\/h5>\n\n\n\n<ul><li> <a href=\"http:\/\/association-orchis-reconstitution.fr\/?cat=25\" target=\"_blank\" rel=\"noreferrer noopener\">Vid\u00e9o r\u00e9alis\u00e9e par l&rsquo;association sur la production du feu par friction aid\u00e9 d&rsquo;un arc<\/a> <\/li><\/ul>\n\n\n\n<h5 class=\"wp-block-heading\">Des tutoriels en vid\u00e9o:<\/h5>\n\n\n\n<ul><li><a href=\"http:\/\/association-orchis-reconstitution.fr\/?cat=61\">Un ligneul pour la couture avec des fibres v\u00e9g\u00e9tales et une soie de sanglier<\/a> <\/li><li>Par ORCHIS : <a rel=\"noreferrer noopener\" href=\"http:\/\/association-orchis-reconstitution.fr\/?p=490\" target=\"_blank\">Un cordon toronn\u00e9 fait d&rsquo;orties(avec simplement ses mains et une lame)<\/a> <\/li><li>Par ORCHIS : <a rel=\"noreferrer noopener\" href=\"https:\/\/youtu.be\/GxD8uohdvZs\" target=\"_blank\">Allumer une bougie avec un briquet \u00e0 silex, de l&rsquo;amadou et une allumette soufr\u00e9e<\/a><\/li><li>Par ORCHIS : Fabriquer une boite en \u00ab\u00a0cuir bouilli\u00a0\u00bb <a href=\"https:\/\/youtu.be\/FFr0ehc5xdQ\" target=\"_blank\" rel=\"noreferrer noopener\">part1<\/a><\/li><li>Par ORCHIS : Fabriquer une boite en \u00ab\u00a0cuir bouilli\u00a0\u00bb <a href=\"https:\/\/youtu.be\/x9I1-53CKYE\" target=\"_blank\" rel=\"noreferrer noopener\">part2<\/a><\/li><\/ul>\n\n\n\n<h5 class=\"wp-block-heading\">Les ressources en m\u00e9tallurgie:<\/h5>\n\n\n\n<ul><li> <a href=\"http:\/\/association-orchis-reconstitution.fr\/?p=474\" target=\"_blank\" rel=\"noreferrer noopener\"><span lang=\"en-US\">Fermoirs et\/ou briquets ? R\u00e9flexions sur la typologie et la fonction de petits objets m\u00e9rovingiens.<\/span><\/a> <\/li><\/ul>\n\n\n\n<h5 class=\"wp-block-heading\">Les ressources en <em><strong>poterie\/c\u00e9ramique:<\/strong><\/em><\/h5>\n\n\n\n<h5 class=\"wp-block-heading\">&nbsp;<\/h5>\n\n\n\n<h5 class=\"wp-block-heading\">Les ressources en <strong><em>teintures\/plantes tinctoriales:<\/em><\/strong><\/h5>\n\n\n\n<h5 class=\"wp-block-heading\">&nbsp;<\/h5>\n\n\n\n<h5 class=\"wp-block-heading\">Les ressources en travail du <em><strong>cuir et de la peau<\/strong><\/em>:<\/h5>\n\n\n\n<h5 class=\"wp-block-heading\">&nbsp;<\/h5>\n\n\n\n<h5 class=\"wp-block-heading\">Les liens directs :<\/h5>\n\n\n\n<ul><li> <a href=\"https:\/\/journals.openedition.org\/nda\/602\" target=\"_blank\" rel=\"noreferrer noopener\"><span class=\"text\">Mati\u00e8res textiles d\u2019origine v\u00e9g\u00e9tale en pr\u00e9histoire<\/span><\/a> <\/li><\/ul>\n","protected":false},"excerpt":{"rendered":"<p>Techniques et pratiques anciennes, reconstitutions historique et arch\u00e9ologie exp\u00e9rimentale, voil\u00e0 les principaux centres d\u2019int\u00e9r\u00eats de l\u2019association. Pour les amateurs et passionn\u00e9s, cette page propose de compiler et diffuser des donn\u00e9es susceptibles d\u2019int\u00e9resser ces derniers. Vous pouvez vous envoyer des documents qui vous semblent pertinents, et aussi, si le c\u0153ur vous en dit, participer financi\u00e8rement \u00e0 &hellip; <a href=\"https:\/\/association-orchis-reconstitution.fr\/\" class=\"more-link\">Continuer la lecture<span class=\"screen-reader-text\"> de &laquo;&nbsp;Bienvenue sur notre blog !&nbsp;&raquo;<\/span><\/a><\/p>\n","protected":false},"author":1,"featured_media":0,"parent":18,"menu_order":0,"comment_status":"closed","ping_status":"closed","template":"","meta":{"footnotes":""},"_links":{"self":[{"href":"https:\/\/association-orchis-reconstitution.fr\/index.php?rest_route=\/wp\/v2\/pages\/17"}],"collection":[{"href":"https:\/\/association-orchis-reconstitution.fr\/index.php?rest_route=\/wp\/v2\/pages"}],"about":[{"href":"https:\/\/association-orchis-reconstitution.fr\/index.php?rest_route=\/wp\/v2\/types\/page"}],"author":[{"embeddable":true,"href":"https:\/\/association-orchis-reconstitution.fr\/index.php?rest_route=\/wp\/v2\/users\/1"}],"replies":[{"embeddable":true,"href":"https:\/\/association-orchis-reconstitution.fr\/index.php?rest_route=%2Fwp%2Fv2%2Fcomments&post=17"}],"version-history":[{"count":55,"href":"https:\/\/association-orchis-reconstitution.fr\/index.php?rest_route=\/wp\/v2\/pages\/17\/revisions"}],"predecessor-version":[{"id":533,"href":"https:\/\/association-orchis-reconstitution.fr\/index.php?rest_route=\/wp\/v2\/pages\/17\/revisions\/533"}],"up":[{"embeddable":true,"href":"https:\/\/association-orchis-reconstitution.fr\/index.php?rest_route=\/wp\/v2\/pages\/18"}],"wp:attachment":[{"href":"https:\/\/association-orchis-reconstitution.fr\/index.php?rest_route=%2Fwp%2Fv2%2Fmedia&parent=17"}],"curies":[{"name":"wp","href":"https:\/\/api.w.org\/{rel}","templated":true}]}}